{"id":1087,"date":"2026-04-01T19:11:45","date_gmt":"2026-04-01T19:11:45","guid":{"rendered":"https:\/\/vangentmexico.com.mx\/?page_id=1087"},"modified":"2026-04-06T22:35:12","modified_gmt":"2026-04-06T22:35:12","slug":"vangent-inico-2","status":"publish","type":"page","link":"https:\/\/vangentmexico.com.mx\/?page_id=1087","title":{"rendered":"Becarios"},"content":{"rendered":"<p><span data-mce-type=\"bookmark\" style=\"display: inline-block; width: 0px; overflow: hidden; line-height: 0;\" class=\"mce_SELRES_start\">\ufeff<\/span><div id='full_slider_1'  class='avia-fullwidth-slider main_color avia-shadow av-medium-hide av-small-hide av-mini-hide  avia-builder-el-0  el_before_av_slideshow_full  avia-builder-el-first   container_wrap fullsize'  >\n<style type=\"text\/css\" data-created_by=\"avia_inline_auto\" id=\"style-css-av-m3pgeyk5-eebcda1c2fba3dd7ccceab1d12fc36ad\">\n\n@media only screen and (min-width: 768px) and (max-width: 989px){ \n#top .avia-slideshow .av-slideshow-caption.av-m3pgeyk5-eebcda1c2fba3dd7ccceab1d12fc36ad__0 .avia-caption-content{\nfont-size:11px;\n}\n#top .avia-slideshow .av-slideshow-caption.av-m3pgeyk5-eebcda1c2fba3dd7ccceab1d12fc36ad__0 .avia-caption-content p{\nfont-size:11px;\n}\n}\n<\/style>\n<div  class='avia-slideshow av-m3pgeyk5-eebcda1c2fba3dd7ccceab1d12fc36ad avia-slideshow-no scaling av_slideshow_full avia-slide-slider av-medium-hide av-small-hide av-mini-hide av-slideshow-ui av-control-default av-slideshow-manual av-loop-once av-loop-manual-endless av-default-height-applied   avia-slideshow-1' data-slideshow-options=\"{&quot;animation&quot;:&quot;slide&quot;,&quot;autoplay&quot;:false,&quot;loop_autoplay&quot;:&quot;once&quot;,&quot;interval&quot;:5,&quot;loop_manual&quot;:&quot;manual-endless&quot;,&quot;autoplay_stopper&quot;:false,&quot;noNavigation&quot;:false,&quot;bg_slider&quot;:false,&quot;keep_padding&quot;:false,&quot;hoverpause&quot;:false,&quot;show_slide_delay&quot;:0}\"  itemprop=\"image\" itemscope=\"itemscope\" itemtype=\"https:\/\/schema.org\/ImageObject\" ><ul class='avia-slideshow-inner ' style='padding-bottom: 56.25%;'><li  class='avia-slideshow-slide av-m3pgeyk5-eebcda1c2fba3dd7ccceab1d12fc36ad__0  av-single-slide slide-1 slide-odd'><div data-rel='slideshow-1' class='avia-slide-wrap '   ><div class='av-slideshow-caption av-m3pgeyk5-eebcda1c2fba3dd7ccceab1d12fc36ad__0 caption_fullwidth caption_left'><div class=\"container caption_container\"><div class=\"slideshow_caption\"><div class=\"slideshow_inner_caption\"><div class=\"slideshow_align_caption\"><h2 class='avia-caption-title '  itemprop=\"name\" >PROGRAMA DE BECARIOS EN DESARROLLO DE SOFTWARE<\/h2><div class='avia-caption-content '  itemprop=\"description\" ><p>Realiza tus pr\u00e1cticas profesionales en una empresa tecnol\u00f3gica l\u00edder a nivel nacional.<\/p>\n<\/div><a href='https:\/\/vangentmexico.com.mx\/?page_id=183'  class='avia-slideshow-button avia-button avia-color-theme-color avia-multi-slideshow-button' data-duration='800' data-easing='easeInOutQuad'>Nosotros<\/a><a href='http:\/\/vangentmexico.com.mx\/#servicios'  class='avia-slideshow-button avia-button avia-color-light avia-multi-slideshow-button avia-slideshow-button-2' data-duration='800' data-easing='easeInOutQuad'>Servicios<\/a><\/div><\/div><\/div><\/div><\/div><img decoding=\"async\" fetchpriority=\"high\" class=\"wp-image-1094 avia-img-lazy-loading-not-1094\"  src=\"https:\/\/vangentmexico.com.mx\/wp-content\/uploads\/2026\/04\/Mesa-de-trabajo-1-100.jpg\" width=\"1920\" height=\"1080\" title='Mesa de trabajo 1-100' alt=''  itemprop=\"thumbnailUrl\" srcset=\"https:\/\/vangentmexico.com.mx\/wp-content\/uploads\/2026\/04\/Mesa-de-trabajo-1-100.jpg 1920w, https:\/\/vangentmexico.com.mx\/wp-content\/uploads\/2026\/04\/Mesa-de-trabajo-1-100-300x169.jpg 300w, https:\/\/vangentmexico.com.mx\/wp-content\/uploads\/2026\/04\/Mesa-de-trabajo-1-100-1030x579.jpg 1030w, https:\/\/vangentmexico.com.mx\/wp-content\/uploads\/2026\/04\/Mesa-de-trabajo-1-100-768x432.jpg 768w, https:\/\/vangentmexico.com.mx\/wp-content\/uploads\/2026\/04\/Mesa-de-trabajo-1-100-1536x864.jpg 1536w, https:\/\/vangentmexico.com.mx\/wp-content\/uploads\/2026\/04\/Mesa-de-trabajo-1-100-1500x844.jpg 1500w, https:\/\/vangentmexico.com.mx\/wp-content\/uploads\/2026\/04\/Mesa-de-trabajo-1-100-705x397.jpg 705w\" sizes=\"(max-width: 1920px) 100vw, 1920px\" \/><\/div><\/li><\/ul><\/div><\/div><span data-mce-type=\"bookmark\" style=\"display: inline-block; width: 0px; overflow: hidden; line-height: 0;\" class=\"mce_SELRES_end\">\ufeff<\/span><\/p>\n<div id='full_slider_2'  class='avia-fullwidth-slider main_color avia-shadow av-desktop-hide  avia-builder-el-1  el_after_av_slideshow_full  el_before_av_section   slider-not-first container_wrap fullsize'  >\n<style type=\"text\/css\" data-created_by=\"avia_inline_auto\" id=\"style-css-av-m93twbqa-58d02b3253e27022dea7778629a85c8e\">\n\n@media only screen and (min-width: 768px) and (max-width: 989px){ \n#top .avia-slideshow .av-slideshow-caption.av-m93twbqa-58d02b3253e27022dea7778629a85c8e__0 .avia-caption-content{\nfont-size:11px;\n}\n#top .avia-slideshow .av-slideshow-caption.av-m93twbqa-58d02b3253e27022dea7778629a85c8e__0 .avia-caption-content p{\nfont-size:11px;\n}\n}\n<\/style>\n<div  class='avia-slideshow av-m93twbqa-58d02b3253e27022dea7778629a85c8e avia-slideshow-no scaling av_slideshow_full avia-slide-slider av-desktop-hide av-slideshow-ui av-control-default av-slideshow-manual av-loop-once av-loop-manual-endless av-default-height-applied   avia-slideshow-2' data-slideshow-options=\"{&quot;animation&quot;:&quot;slide&quot;,&quot;autoplay&quot;:false,&quot;loop_autoplay&quot;:&quot;once&quot;,&quot;interval&quot;:5,&quot;loop_manual&quot;:&quot;manual-endless&quot;,&quot;autoplay_stopper&quot;:false,&quot;noNavigation&quot;:false,&quot;bg_slider&quot;:false,&quot;keep_padding&quot;:false,&quot;hoverpause&quot;:false,&quot;show_slide_delay&quot;:0}\"  itemprop=\"image\" itemscope=\"itemscope\" itemtype=\"https:\/\/schema.org\/ImageObject\" ><ul class='avia-slideshow-inner ' style='padding-bottom: 105%;'><li  class='avia-slideshow-slide av-m93twbqa-58d02b3253e27022dea7778629a85c8e__0  av-single-slide slide-1 slide-odd'><div data-rel='slideshow-2' class='avia-slide-wrap '   ><div class='av-slideshow-caption av-m93twbqa-58d02b3253e27022dea7778629a85c8e__0 caption_fullwidth caption_left'><div class=\"container caption_container\"><div class=\"slideshow_caption\"><div class=\"slideshow_inner_caption\"><div class=\"slideshow_align_caption\"><h2 class='avia-caption-title '  itemprop=\"name\" >PROGRAMA DE BECARIOS EN DESARROLLO DE SOFTWARE<\/h2><div class='avia-caption-content '  itemprop=\"description\" ><p>Realiza tus pr\u00e1cticas profesionales en una empresa tecnol\u00f3gica l\u00edder a nivel nacional.<\/p>\n<\/div><a href='https:\/\/vangentmexico.com.mx\/?page_id=183'  class='avia-slideshow-button avia-button avia-color-theme-color avia-multi-slideshow-button' data-duration='800' data-easing='easeInOutQuad'>Nosotros<\/a><a href='http:\/\/vangentmexico.com.mx\/#servicios'  class='avia-slideshow-button avia-button avia-color-light avia-multi-slideshow-button avia-slideshow-button-2' data-duration='800' data-easing='easeInOutQuad'>Servicios<\/a><\/div><\/div><\/div><\/div><\/div><img decoding=\"async\" fetchpriority=\"high\" class=\"wp-image-1095 avia-img-lazy-loading-not-1095\"  src=\"https:\/\/vangentmexico.com.mx\/wp-content\/uploads\/2026\/04\/Becas_Movil-100.jpg\" width=\"600\" height=\"630\" title='Becas_Movil-100' alt=''  itemprop=\"thumbnailUrl\" srcset=\"https:\/\/vangentmexico.com.mx\/wp-content\/uploads\/2026\/04\/Becas_Movil-100.jpg 600w, https:\/\/vangentmexico.com.mx\/wp-content\/uploads\/2026\/04\/Becas_Movil-100-286x300.jpg 286w\" sizes=\"(max-width: 600px) 100vw, 600px\" \/><\/div><\/li><\/ul><\/div><\/div>\n\n<style type=\"text\/css\" data-created_by=\"avia_inline_auto\" id=\"style-css-av-m3pl15bq-8ff8b927d9df931a8df21136164ea6c1\">\n.avia-section.av-m3pl15bq-8ff8b927d9df931a8df21136164ea6c1{\nbackground-color:#efeeea;\nbackground-image:unset;\n}\n<\/style>\n<div id='av_section_1'  class='avia-section av-m3pl15bq-8ff8b927d9df931a8df21136164ea6c1 main_color avia-section-default avia-no-border-styling  avia-builder-el-2  el_after_av_slideshow_full  avia-builder-el-last  avia-bg-style-scroll container_wrap fullsize'  ><div class='container av-section-cont-open' ><div class='template-page content  av-content-full alpha units'><div class='post-entry post-entry-type-page post-entry-1087'><div class='entry-content-wrapper clearfix'>\n<div class='flex_column_table av-1nxzf-d28a695296eb957b10dc7f41ae78d329 sc-av_two_fifth av-equal-height-column-flextable'><div  class='flex_column av-1nxzf-d28a695296eb957b10dc7f41ae78d329 av_two_fifth  avia-builder-el-3  el_before_av_three_fifth  avia-builder-el-first  first flex_column_table_cell av-equal-height-column av-align-middle  '     ><style type=\"text\/css\" data-created_by=\"avia_inline_auto\" id=\"style-css-av-m484ux02-cda3a7302ce3db680efdffa0e7b588e0\">\n.avia-image-container.av-m484ux02-cda3a7302ce3db680efdffa0e7b588e0 img.avia_image{\nbox-shadow:none;\n}\n.avia-image-container.av-m484ux02-cda3a7302ce3db680efdffa0e7b588e0 .av-image-caption-overlay-center{\ncolor:#ffffff;\n}\n<\/style>\n<div  class='avia-image-container av-m484ux02-cda3a7302ce3db680efdffa0e7b588e0 av-styling- avia-align-center  avia-builder-el-4  avia-builder-el-no-sibling '   itemprop=\"image\" itemscope=\"itemscope\" itemtype=\"https:\/\/schema.org\/ImageObject\" ><div class=\"avia-image-container-inner\"><div class=\"avia-image-overlay-wrap\"><img decoding=\"async\" fetchpriority=\"high\" class='wp-image-1093 avia-img-lazy-loading-not-1093 avia_image ' src=\"https:\/\/vangentmexico.com.mx\/wp-content\/uploads\/2026\/04\/becarios-297x300.png\" alt='' title='becarios'  height=\"300\" width=\"297\"  itemprop=\"thumbnailUrl\" srcset=\"https:\/\/vangentmexico.com.mx\/wp-content\/uploads\/2026\/04\/becarios-297x300.png 297w, https:\/\/vangentmexico.com.mx\/wp-content\/uploads\/2026\/04\/becarios-1021x1030.png 1021w, https:\/\/vangentmexico.com.mx\/wp-content\/uploads\/2026\/04\/becarios-80x80.png 80w, https:\/\/vangentmexico.com.mx\/wp-content\/uploads\/2026\/04\/becarios-768x775.png 768w, https:\/\/vangentmexico.com.mx\/wp-content\/uploads\/2026\/04\/becarios-36x36.png 36w, https:\/\/vangentmexico.com.mx\/wp-content\/uploads\/2026\/04\/becarios-699x705.png 699w, https:\/\/vangentmexico.com.mx\/wp-content\/uploads\/2026\/04\/becarios.png 1459w\" sizes=\"(max-width: 297px) 100vw, 297px\" \/><\/div><\/div><\/div><\/div><div class='av-flex-placeholder'><\/div>\n<style type=\"text\/css\" data-created_by=\"avia_inline_auto\" id=\"style-css-av-1kidf-69364f01214251205349fbbbb5104acc\">\n@keyframes av_boxShadowEffect_av-1kidf-69364f01214251205349fbbbb5104acc-row {\n0%   { box-shadow:  0 0 0 0 ; opacity: 1; }\n100% { box-shadow:  0 0 10px 0 ; opacity: 1; }\n}\n<\/style>\n<div  class='flex_column av-1kidf-69364f01214251205349fbbbb5104acc av_three_fifth  avia-builder-el-5  el_after_av_two_fifth  avia-builder-el-last  flex_column_table_cell av-equal-height-column av-align-middle  '     ><section  class='av_textblock_section av-m3pl1r7o-68705807645b9452b24291bb08f7ec99 '   itemscope=\"itemscope\" itemtype=\"https:\/\/schema.org\/CreativeWork\" ><div class='avia_textblock'  itemprop=\"text\" ><h2 style=\"text-align: center;\">Formulario<\/h2>\n<\/div><\/section><br \/>\n<section  class='av_textblock_section av-m3plr10b-ef5db29240ee719985d2ab13504a9f1e '   itemscope=\"itemscope\" itemtype=\"https:\/\/schema.org\/CreativeWork\" ><div class='avia_textblock'  itemprop=\"text\" >\n<div class=\"wpcf7 no-js\" id=\"wpcf7-f97-o1\" lang=\"es-ES\" dir=\"ltr\" data-wpcf7-id=\"97\">\n<div class=\"screen-reader-response\"><p role=\"status\" aria-live=\"polite\" aria-atomic=\"true\"><\/p> <ul><\/ul><\/div>\n<form action=\"\/index.php?rest_route=%2Fwp%2Fv2%2Fpages%2F1087#wpcf7-f97-o1\" method=\"post\" class=\"wpcf7-form init\" aria-label=\"Formulario de contacto\" enctype=\"multipart\/form-data\" novalidate=\"novalidate\" data-status=\"init\">\n<fieldset class=\"hidden-fields-container\"><input type=\"hidden\" name=\"_wpcf7\" value=\"97\" \/><input type=\"hidden\" name=\"_wpcf7_version\" value=\"6.1.5\" \/><input type=\"hidden\" name=\"_wpcf7_locale\" value=\"es_ES\" \/><input type=\"hidden\" name=\"_wpcf7_unit_tag\" value=\"wpcf7-f97-o1\" \/><input type=\"hidden\" name=\"_wpcf7_container_post\" value=\"0\" \/><input type=\"hidden\" name=\"_wpcf7_posted_data_hash\" value=\"\" \/>\n<\/fieldset>\n<p><label> Nombre<br \/>\n<span class=\"wpcf7-form-control-wrap\" data-name=\"your-name\"><input size=\"40\" maxlength=\"400\" class=\"wpcf7-form-control wpcf7-text wpcf7-validates-as-required\" autocomplete=\"name\" aria-required=\"true\" aria-invalid=\"false\" value=\"\" type=\"text\" name=\"your-name\" \/><\/span> <\/label>\n<\/p>\n<p><label> E-mail<br \/>\n<span class=\"wpcf7-form-control-wrap\" data-name=\"your-email\"><input size=\"40\" maxlength=\"400\" class=\"wpcf7-form-control wpcf7-email wpcf7-validates-as-required wpcf7-text wpcf7-validates-as-email\" autocomplete=\"email\" aria-required=\"true\" aria-invalid=\"false\" value=\"\" type=\"email\" name=\"your-email\" \/><\/span> <\/label>\n<\/p>\n<p><label> Tel\u00e9fono<br \/>\n<span class=\"wpcf7-form-control-wrap\" data-name=\"Telefono\"><input size=\"40\" maxlength=\"400\" class=\"wpcf7-form-control wpcf7-tel wpcf7-text wpcf7-validates-as-tel\" aria-invalid=\"false\" value=\"\" type=\"tel\" name=\"Telefono\" \/><\/span> <\/label>\n<\/p>\n<p><label> \u00c1rea de Interes:<br \/>\n<span class=\"wpcf7-form-control-wrap\" data-name=\"your-subject\"><input size=\"40\" maxlength=\"400\" class=\"wpcf7-form-control wpcf7-text wpcf7-validates-as-required\" aria-required=\"true\" aria-invalid=\"false\" value=\"\" type=\"text\" name=\"your-subject\" \/><\/span> <\/label>\n<\/p>\n<p><label> Plat\u00edcanos acerca de Ti:<br \/>\n<span class=\"wpcf7-form-control-wrap\" data-name=\"your-message\"><textarea cols=\"40\" rows=\"10\" maxlength=\"2000\" class=\"wpcf7-form-control wpcf7-textarea\" aria-invalid=\"false\" name=\"your-message\"><\/textarea><\/span> <\/label>\n<\/p>\n<p><label> Sube tu Curriculum (Archivo PDF menor a 1MB):<br \/>\n<span class=\"wpcf7-form-control-wrap\" data-name=\"file-659\"><input size=\"40\" class=\"wpcf7-form-control wpcf7-file\" accept=\".pdf\" aria-invalid=\"false\" type=\"file\" name=\"file-659\" \/><\/span><br \/>\n<input class=\"wpcf7-form-control wpcf7-submit has-spinner\" type=\"submit\" value=\"Enviar\" \/><\/label>\n<\/p><div class=\"wpcf7-response-output\" aria-hidden=\"true\"><\/div>\n<\/form>\n<\/div>\n\n<\/div><\/section><\/p><\/div><\/div><!--close column table wrapper. Autoclose: 1 -->\n","protected":false},"excerpt":{"rendered":"<p>\ufeff\ufeff<\/p>\n","protected":false},"author":3,"featured_media":0,"parent":0,"menu_order":0,"comment_status":"closed","ping_status":"closed","template":"","meta":{"footnotes":""},"class_list":["post-1087","page","type-page","status-publish","hentry"],"_links":{"self":[{"href":"https:\/\/vangentmexico.com.mx\/index.php?rest_route=\/wp\/v2\/pages\/1087","targetHints":{"allow":["GET"]}}],"collection":[{"href":"https:\/\/vangentmexico.com.mx\/index.php?rest_route=\/wp\/v2\/pages"}],"about":[{"href":"https:\/\/vangentmexico.com.mx\/index.php?rest_route=\/wp\/v2\/types\/page"}],"author":[{"embeddable":true,"href":"https:\/\/vangentmexico.com.mx\/index.php?rest_route=\/wp\/v2\/users\/3"}],"replies":[{"embeddable":true,"href":"https:\/\/vangentmexico.com.mx\/index.php?rest_route=%2Fwp%2Fv2%2Fcomments&post=1087"}],"version-history":[{"count":5,"href":"https:\/\/vangentmexico.com.mx\/index.php?rest_route=\/wp\/v2\/pages\/1087\/revisions"}],"predecessor-version":[{"id":1099,"href":"https:\/\/vangentmexico.com.mx\/index.php?rest_route=\/wp\/v2\/pages\/1087\/revisions\/1099"}],"wp:attachment":[{"href":"https:\/\/vangentmexico.com.mx\/index.php?rest_route=%2Fwp%2Fv2%2Fmedia&parent=1087"}],"curies":[{"name":"wp","href":"https:\/\/api.w.org\/{rel}","templated":true}]}}